{"id":1119,"date":"2024-02-16T10:23:13","date_gmt":"2024-02-16T09:23:13","guid":{"rendered":"https:\/\/berthault-engineering.com\/siteweb\/?page_id=1119"},"modified":"2024-04-08T09:47:53","modified_gmt":"2024-04-08T07:47:53","slug":"mentions-legales","status":"publish","type":"page","link":"https:\/\/berthault-engineering.com\/en\/mentions-legales\/","title":{"rendered":"Legal Notice"},"content":{"rendered":"<p>[et_pb_section fb_built=\u00a0\u00bb1&Prime; specialty=\u00a0\u00bbon\u00a0\u00bb padding_top_1=\u00a0\u00bb0px\u00a0\u00bb padding_top_2=\u00a0\u00bb0px\u00a0\u00bb padding_right_1=\u00a0\u00bb0px\u00a0\u00bb padding_right_2=\u00a0\u00bb0px\u00a0\u00bb padding_bottom_1=\u00a0\u00bb0px\u00a0\u00bb padding_bottom_2=\u00a0\u00bb0px\u00a0\u00bb padding_left_1=\u00a0\u00bb0px\u00a0\u00bb padding_left_2=\u00a0\u00bb0px\u00a0\u00bb padding_top_bottom_link_1=\u00a0\u00bbtrue\u00a0\u00bb padding_top_bottom_link_2=\u00a0\u00bbtrue\u00a0\u00bb padding_left_right_link_1=\u00a0\u00bbtrue\u00a0\u00bb padding_left_right_link_2=\u00a0\u00bbtrue\u00a0\u00bb _builder_version=\u00a0\u00bb4.24.1&Prime; _module_preset=\u00a0\u00bbdefault\u00a0\u00bb background_color=\u00a0\u00bbRGBA(98,98,100,0.03)\u00a0\u00bb inner_width=\u00a0\u00bb100%\u00a0\u00bb inner_module_alignment=\u00a0\u00bbleft\u00a0\u00bb custom_margin=\u00a0\u00bb-3px|0px|-3px|0px|true|true\u00a0\u00bb custom_padding=\u00a0\u00bb0px|0px|0px|0px|true|true\u00a0\u00bb global_colors_info=\u00a0\u00bb{}\u00a0\u00bb][et_pb_column type=\u00a0\u00bb1_3&Prime; _builder_version=\u00a0\u00bb4.16&Prime; custom_padding=\u00a0\u00bb|||\u00a0\u00bb global_colors_info=\u00a0\u00bb{}\u00a0\u00bb custom_padding__hover=\u00a0\u00bb|||\u00a0\u00bb][et_pb_gallery gallery_ids=\u00a0\u00bb1793&Prime; gallery_orderby=\u00a0\u00bbrand\u00a0\u00bb show_title_and_caption=\u00a0\u00bboff\u00a0\u00bb disabled_on=\u00a0\u00bboff|off|off\u00a0\u00bb _builder_version=\u00a0\u00bb4.24.3&Prime; _module_preset=\u00a0\u00bbdefault\u00a0\u00bb width=\u00a0\u00bb80%\u00a0\u00bb width_tablet=\u00a0\u00bb80%\u00a0\u00bb width_phone=\u00a0\u00bb100%\u00a0\u00bb width_last_edited=\u00a0\u00bbon|phone\u00a0\u00bb max_width=\u00a0\u00bb100%\u00a0\u00bb custom_margin=\u00a0\u00bb||||false|false\u00a0\u00bb global_colors_info=\u00a0\u00bb{}\u00a0\u00bb][\/et_pb_gallery][et_pb_text _builder_version=\u00a0\u00bb4.24.3&Prime; _module_preset=\u00a0\u00bbdefault\u00a0\u00bb text_font=\u00a0\u00bbArial||||||||\u00a0\u00bb text_text_color=\u00a0\u00bb#FFFFFF\u00a0\u00bb text_font_size=\u00a0\u00bb16px\u00a0\u00bb header_font=\u00a0\u00bbCalibri|500||on|||||\u00a0\u00bb header_text_align=\u00a0\u00bbcenter\u00a0\u00bb header_text_color=\u00a0\u00bb#FFFFFF\u00a0\u00bb header_font_size=\u00a0\u00bb33px\u00a0\u00bb header_2_font=\u00a0\u00bbCalibri|500|||||||\u00a0\u00bb header_2_text_color=\u00a0\u00bb#FFFFFF\u00a0\u00bb header_2_font_size=\u00a0\u00bb33px\u00a0\u00bb header_3_font=\u00a0\u00bbCalibri|500||on|||||\u00a0\u00bb header_3_text_color=\u00a0\u00bb#FFFFFF\u00a0\u00bb header_3_font_size=\u00a0\u00bb27px\u00a0\u00bb header_4_font=\u00a0\u00bbCalibri|500|||||||\u00a0\u00bb header_4_text_color=\u00a0\u00bb#FFFFFF\u00a0\u00bb header_4_font_size=\u00a0\u00bb27px\u00a0\u00bb header_5_font=\u00a0\u00bbCalibri|500||on|||||\u00a0\u00bb header_5_text_color=\u00a0\u00bb#FFFFFF\u00a0\u00bb header_5_font_size=\u00a0\u00bb19px\u00a0\u00bb header_6_font=\u00a0\u00bbCalibri|500|||||||\u00a0\u00bb header_6_text_color=\u00a0\u00bb#FFFFFF\u00a0\u00bb header_6_font_size=\u00a0\u00bb19px\u00a0\u00bb background_color=\u00a0\u00bb#002060&Prime; width=\u00a0\u00bb80%\u00a0\u00bb width_tablet=\u00a0\u00bb80%\u00a0\u00bb width_phone=\u00a0\u00bb100%\u00a0\u00bb width_last_edited=\u00a0\u00bbon|phone\u00a0\u00bb max_width=\u00a0\u00bb100%\u00a0\u00bb height=\u00a0\u00bb600px\u00a0\u00bb height_tablet=\u00a0\u00bb861px\u00a0\u00bb height_phone=\u00a0\u00bb150px\u00a0\u00bb height_last_edited=\u00a0\u00bbon|phone\u00a0\u00bb custom_margin=\u00a0\u00bb0px|0px|0px|0px|true|true\u00a0\u00bb custom_padding=\u00a0\u00bb90px||0px||false|false\u00a0\u00bb custom_padding_tablet=\u00a0\u00bb90px||0px||false|false\u00a0\u00bb custom_padding_phone=\u00a0\u00bb40px||0px||false|false\u00a0\u00bb custom_padding_last_edited=\u00a0\u00bbon|phone\u00a0\u00bb global_colors_info=\u00a0\u00bb{}\u00a0\u00bb]<\/p>\n<h1>Mentions L\u00e9gales<\/h1>\n<p>&nbsp;<\/p>\n<p>[\/et_pb_text][\/et_pb_column][et_pb_column type=\u00a0\u00bb2_3&Prime; specialty_columns=\u00a0\u00bb2&Prime; _builder_version=\u00a0\u00bb4.16&Prime; custom_padding=\u00a0\u00bb|||\u00a0\u00bb global_colors_info=\u00a0\u00bb{}\u00a0\u00bb custom_padding__hover=\u00a0\u00bb|||\u00a0\u00bb][et_pb_row_inner _builder_version=\u00a0\u00bb4.24.3&Prime; _module_preset=\u00a0\u00bbdefault\u00a0\u00bb background_color=\u00a0\u00bbRGBA(255,255,255,0)\u00a0\u00bb width=\u00a0\u00bb100%\u00a0\u00bb custom_margin=\u00a0\u00bb0px|0px|0px|-85px|false|false\u00a0\u00bb custom_margin_tablet=\u00a0\u00bb|||0px|false|false\u00a0\u00bb custom_margin_phone=\u00a0\u00bb|0px||0px|false|true\u00a0\u00bb custom_margin_last_edited=\u00a0\u00bbon|phone\u00a0\u00bb custom_padding=\u00a0\u00bb0px|0px|0px|0px|false|true\u00a0\u00bb global_colors_info=\u00a0\u00bb{}\u00a0\u00bb][et_pb_column_inner saved_specialty_column_type=\u00a0\u00bb2_3&Prime; _builder_version=\u00a0\u00bb4.24.0&Prime; _module_preset=\u00a0\u00bbdefault\u00a0\u00bb custom_padding=\u00a0\u00bb|||120px|false|false\u00a0\u00bb global_colors_info=\u00a0\u00bb{}\u00a0\u00bb][et_pb_blurb use_icon=\u00a0\u00bbon\u00a0\u00bb font_icon=\u00a0\u00bb&#xf24e;||fa||900&Prime; icon_color=\u00a0\u00bb#002060&Prime; _builder_version=\u00a0\u00bb4.24.3&Prime; _module_preset=\u00a0\u00bbb0a63349-c6ef-41f3-b38e-db3148b9a89e\u00a0\u00bb header_font=\u00a0\u00bbArial|500|||||||\u00a0\u00bb header_text_color=\u00a0\u00bb#002060&Prime; body_font=\u00a0\u00bbArial||||||||\u00a0\u00bb body_text_color=\u00a0\u00bb#002060&Prime; body_font_size=\u00a0\u00bb14px\u00a0\u00bb custom_margin=\u00a0\u00bb0px|0px|0px|0px|true|true\u00a0\u00bb custom_margin_tablet=\u00a0\u00bb0px|0px|0px|0px|true|true\u00a0\u00bb custom_margin_phone=\u00a0\u00bb0px|0px|0px|-116px|true|false\u00a0\u00bb custom_margin_last_edited=\u00a0\u00bbon|phone\u00a0\u00bb custom_padding=\u00a0\u00bb0px|0px|0px|0px|true|true\u00a0\u00bb custom_padding_tablet=\u00a0\u00bb0px|0px|0px|0px|true|true\u00a0\u00bb custom_padding_phone=\u00a0\u00bb|0px|||true|false\u00a0\u00bb custom_padding_last_edited=\u00a0\u00bbon|phone\u00a0\u00bb locked=\u00a0\u00bboff\u00a0\u00bb global_colors_info=\u00a0\u00bb{%22gcid-08cf39a0-13ea-4dd3-8e9f-f417cc84cbec%22:%91%22body_link_text_color%22,%22body_link_text_color%22%93}\u00a0\u00bb content_max_width_last_edited=\u00a0\u00bbon|phone\u00a0\u00bb width_last_edited=\u00a0\u00bbon|phone\u00a0\u00bb]<\/p>\n<h3 style=\"text-align: justify;\">MENTIONS LEGALES<\/h3>\n<p style=\"text-align: justify;\"><strong>Identit\u00e9 et Coordonn\u00e9es de l&rsquo;\u00e9diteur du site :<\/strong><\/p>\n<p style=\"text-align: justify;\">Le site <a href=\"http:\/\/www.berthault-engineering.com\">www.berthault-engineering.com<\/a> est \u00e9dit\u00e9 par la soci\u00e9t\u00e9 BERTHAULT Engineering, soci\u00e9t\u00e9 \u00e0 responsabilit\u00e9 limit\u00e9e, au capital de 65.000,00 \u20ac dont le si\u00e8ge social est situ\u00e9 3, la Limouzini\u00e8re, 85700 Montournais, immatricul\u00e9e au R.C.S. de la Roche-Sur-Yon sous le num\u00e9ro 494 405 723.<\/p>\n<p style=\"text-align: justify;\">T\u00e9l\u00e9phone : +33 (0)2 51 91 83 46<\/p>\n<p style=\"text-align: justify;\">Code TVA: FR 75.494.405.723<\/p>\n<p style=\"text-align: justify;\">Adresse de courrier \u00e9lectronique : contact@berthault-engineering.com<\/p>\n<p style=\"text-align: justify;\">Directeur de la publication : Mr Olivier Berthault<\/p>\n<p style=\"text-align: justify;\"><strong>Conception du site :<\/strong><\/p>\n<p style=\"text-align: justify;\">Le site <a href=\"http:\/\/www.berthault-engineering.com\">www.berthault-engineering.com<\/a> est la propri\u00e9t\u00e9 exclusive de la soci\u00e9t\u00e9 BERTHAULT Engineering. Il a \u00e9t\u00e9 con\u00e7u et r\u00e9alis\u00e9 par BERTHAULT Engineering.<\/p>\n<p style=\"text-align: justify;\"><strong>H\u00e9bergement du site :<\/strong><\/p>\n<p>Le site <a href=\"http:\/\/www.berthault-engineering.com\">www.berthault-engineering.com<\/a> est h\u00e9berg\u00e9 par la soci\u00e9t\u00e9 LWS (Ligne Web Services), soci\u00e9t\u00e9 par actions simplifi\u00e9e, au capital de 500 000 Euros, dont le si\u00e8ge social est situ\u00e9 10, rue penthi\u00e8vre, 75008 PARIS, France, immatricul\u00e9e au R.C.S. de Paris, sous le num\u00e9ro B 851 993 683 00024 , Code APE 6311Z, code TVA intra-communautaire FR21 851 993 683, num\u00e9ro de t\u00e9l\u00e9phone: +33 (0)1 77 62 30 03.<\/p>\n<p style=\"text-align: justify;\"><strong><span>Cr\u00e9dits cr\u00e9ations visuelles et graphiques :<\/span><\/strong><\/p>\n<p>BERTAULT Engineering d\u00e9tient l\u2019ensemble des droits attach\u00e9s aux photographies, vid\u00e9os et \u00e0 l\u2019ensemble des cr\u00e9ations visuelles et \/ou graphiques repr\u00e9sent\u00e9es sur le site internet www.berthault-engineering.com. Il est pr\u00e9cis\u00e9 que ces \u00e9l\u00e9ments ont \u00e9t\u00e9 c\u00e9d\u00e9s par les partenaires suivants :<\/p>\n<ul>\n<li>Shutterstock.com.<\/li>\n<li>Depositphotos.com<\/li>\n<\/ul>\n<p>Il est \u00e9galement pr\u00e9cis\u00e9 que certaines photographies, vid\u00e9os, cr\u00e9ations visuelles et \/ou graphiques repr\u00e9sent\u00e9es sur le site internet <a href=\"http:\/\/www.berthault-engineering.com\">www.berthault-engineering.com<\/a> sont libres de droits<strong><\/strong><\/p>\n<p style=\"text-align: justify;\"><strong><\/strong><\/p>\n<p style=\"text-align: justify;\"><strong><\/strong><\/p>\n<p style=\"text-align: justify;\">[\/et_pb_blurb][\/et_pb_column_inner][\/et_pb_row_inner][\/et_pb_column][\/et_pb_section]<\/p>\n","protected":false},"excerpt":{"rendered":"<p>Mentions L\u00e9gales &nbsp;MENTIONS LEGALES Identit\u00e9 et Coordonn\u00e9es de l&rsquo;\u00e9diteur du site : Le site www.berthault-engineering.com est \u00e9dit\u00e9 par la soci\u00e9t\u00e9 BERTHAULT Engineering, soci\u00e9t\u00e9 \u00e0 responsabilit\u00e9 limit\u00e9e, au capital de 65.000,00 \u20ac dont le si\u00e8ge social est situ\u00e9 3, la Limouzini\u00e8re, 85700 Montournais, immatricul\u00e9e au R.C.S. de la Roche-Sur-Yon sous le num\u00e9ro 494 405 723. T\u00e9l\u00e9phone [&hellip;]<\/p>\n","protected":false},"author":1,"featured_media":0,"parent":0,"menu_order":0,"comment_status":"closed","ping_status":"closed","template":"","meta":{"_et_pb_use_builder":"on","_et_pb_old_content":"","_et_gb_content_width":"","footnotes":""},"class_list":["post-1119","page","type-page","status-publish","hentry"],"yoast_head":"<!-- This site is optimized with the Yoast SEO plugin v27.3 - https:\/\/yoast.com\/product\/yoast-seo-wordpress\/ -->\n<title>Mentions L\u00e9gales - Berthault Engineering - Mentions l\u00e9gales<\/title>\n<meta name=\"description\" content=\"Mentions l\u00e9gales - Le site www.berthault-engineering.com est \u00e9dit\u00e9 par la soci\u00e9t\u00e9 BERTHAULT Engineering, soci\u00e9t\u00e9 \u00e0 responsabilit\u00e9 limit\u00e9e ...\" \/>\n<meta name=\"robots\" content=\"index, follow, max-snippet:-1, max-image-preview:large, max-video-preview:-1\" \/>\n<link rel=\"canonical\" href=\"https:\/\/berthault-engineering.com\/en\/mentions-legales\/\" \/>\n<meta property=\"og:locale\" content=\"en_GB\" \/>\n<meta property=\"og:type\" content=\"article\" \/>\n<meta property=\"og:title\" content=\"Mentions L\u00e9gales - Berthault Engineering - Mentions l\u00e9gales\" \/>\n<meta property=\"og:description\" content=\"Mentions l\u00e9gales - Le site www.berthault-engineering.com est \u00e9dit\u00e9 par la soci\u00e9t\u00e9 BERTHAULT Engineering, soci\u00e9t\u00e9 \u00e0 responsabilit\u00e9 limit\u00e9e ...\" \/>\n<meta property=\"og:url\" content=\"https:\/\/berthault-engineering.com\/en\/mentions-legales\/\" \/>\n<meta property=\"og:site_name\" content=\"Berthault Engineering\" \/>\n<meta property=\"article:modified_time\" content=\"2024-04-08T07:47:53+00:00\" \/>\n<meta name=\"twitter:card\" content=\"summary_large_image\" \/>\n<meta name=\"twitter:label1\" content=\"Estimated reading time\" \/>\n\t<meta name=\"twitter:data1\" content=\"2 minutes\" \/>\n<script type=\"application\/ld+json\" class=\"yoast-schema-graph\">{\"@context\":\"https:\\\/\\\/schema.org\",\"@graph\":[{\"@type\":\"WebPage\",\"@id\":\"https:\\\/\\\/berthault-engineering.com\\\/mentions-legales\\\/\",\"url\":\"https:\\\/\\\/berthault-engineering.com\\\/mentions-legales\\\/\",\"name\":\"Mentions L\u00e9gales - Berthault Engineering - Mentions l\u00e9gales\",\"isPartOf\":{\"@id\":\"https:\\\/\\\/berthault-engineering.com\\\/#website\"},\"datePublished\":\"2024-02-16T09:23:13+00:00\",\"dateModified\":\"2024-04-08T07:47:53+00:00\",\"description\":\"Mentions l\u00e9gales - Le site www.berthault-engineering.com est \u00e9dit\u00e9 par la soci\u00e9t\u00e9 BERTHAULT Engineering, soci\u00e9t\u00e9 \u00e0 responsabilit\u00e9 limit\u00e9e ...\",\"breadcrumb\":{\"@id\":\"https:\\\/\\\/berthault-engineering.com\\\/mentions-legales\\\/#breadcrumb\"},\"inLanguage\":\"en-GB\",\"potentialAction\":[{\"@type\":\"ReadAction\",\"target\":[\"https:\\\/\\\/berthault-engineering.com\\\/mentions-legales\\\/\"]}]},{\"@type\":\"BreadcrumbList\",\"@id\":\"https:\\\/\\\/berthault-engineering.com\\\/mentions-legales\\\/#breadcrumb\",\"itemListElement\":[{\"@type\":\"ListItem\",\"position\":1,\"name\":\"Accueil\",\"item\":\"https:\\\/\\\/berthault-engineering.com\\\/\"},{\"@type\":\"ListItem\",\"position\":2,\"name\":\"Mentions L\u00e9gales\"}]},{\"@type\":\"WebSite\",\"@id\":\"https:\\\/\\\/berthault-engineering.com\\\/#website\",\"url\":\"https:\\\/\\\/berthault-engineering.com\\\/\",\"name\":\"Berthault Engineering\",\"description\":\"Votre m\u00e9tier, votre projet, nos solutions et expertises industrielles\",\"publisher\":{\"@id\":\"https:\\\/\\\/berthault-engineering.com\\\/#organization\"},\"potentialAction\":[{\"@type\":\"SearchAction\",\"target\":{\"@type\":\"EntryPoint\",\"urlTemplate\":\"https:\\\/\\\/berthault-engineering.com\\\/?s={search_term_string}\"},\"query-input\":{\"@type\":\"PropertyValueSpecification\",\"valueRequired\":true,\"valueName\":\"search_term_string\"}}],\"inLanguage\":\"en-GB\"},{\"@type\":\"Organization\",\"@id\":\"https:\\\/\\\/berthault-engineering.com\\\/#organization\",\"name\":\"Berthault Engineering\",\"url\":\"https:\\\/\\\/berthault-engineering.com\\\/\",\"logo\":{\"@type\":\"ImageObject\",\"inLanguage\":\"en-GB\",\"@id\":\"https:\\\/\\\/berthault-engineering.com\\\/#\\\/schema\\\/logo\\\/image\\\/\",\"url\":\"https:\\\/\\\/berthault-engineering.com\\\/siteweb\\\/wp-content\\\/uploads\\\/2024\\\/03\\\/Logo-BE-HD.png\",\"contentUrl\":\"https:\\\/\\\/berthault-engineering.com\\\/siteweb\\\/wp-content\\\/uploads\\\/2024\\\/03\\\/Logo-BE-HD.png\",\"width\":31566,\"height\":3708,\"caption\":\"Berthault Engineering\"},\"image\":{\"@id\":\"https:\\\/\\\/berthault-engineering.com\\\/#\\\/schema\\\/logo\\\/image\\\/\"},\"sameAs\":[\"https:\\\/\\\/www.linkedin.com\\\/company\\\/berthault-engineering\\\/\"]}]}<\/script>\n<!-- \/ Yoast SEO plugin. -->","yoast_head_json":{"title":"Mentions L\u00e9gales - Berthault Engineering - Mentions l\u00e9gales","description":"Mentions l\u00e9gales - Le site www.berthault-engineering.com est \u00e9dit\u00e9 par la soci\u00e9t\u00e9 BERTHAULT Engineering, soci\u00e9t\u00e9 \u00e0 responsabilit\u00e9 limit\u00e9e ...","robots":{"index":"index","follow":"follow","max-snippet":"max-snippet:-1","max-image-preview":"max-image-preview:large","max-video-preview":"max-video-preview:-1"},"canonical":"https:\/\/berthault-engineering.com\/en\/mentions-legales\/","og_locale":"en_GB","og_type":"article","og_title":"Mentions L\u00e9gales - Berthault Engineering - Mentions l\u00e9gales","og_description":"Mentions l\u00e9gales - Le site www.berthault-engineering.com est \u00e9dit\u00e9 par la soci\u00e9t\u00e9 BERTHAULT Engineering, soci\u00e9t\u00e9 \u00e0 responsabilit\u00e9 limit\u00e9e ...","og_url":"https:\/\/berthault-engineering.com\/en\/mentions-legales\/","og_site_name":"Berthault Engineering","article_modified_time":"2024-04-08T07:47:53+00:00","twitter_card":"summary_large_image","twitter_misc":{"Estimated reading time":"2 minutes"},"schema":{"@context":"https:\/\/schema.org","@graph":[{"@type":"WebPage","@id":"https:\/\/berthault-engineering.com\/mentions-legales\/","url":"https:\/\/berthault-engineering.com\/mentions-legales\/","name":"Mentions L\u00e9gales - Berthault Engineering - Mentions l\u00e9gales","isPartOf":{"@id":"https:\/\/berthault-engineering.com\/#website"},"datePublished":"2024-02-16T09:23:13+00:00","dateModified":"2024-04-08T07:47:53+00:00","description":"Mentions l\u00e9gales - Le site www.berthault-engineering.com est \u00e9dit\u00e9 par la soci\u00e9t\u00e9 BERTHAULT Engineering, soci\u00e9t\u00e9 \u00e0 responsabilit\u00e9 limit\u00e9e ...","breadcrumb":{"@id":"https:\/\/berthault-engineering.com\/mentions-legales\/#breadcrumb"},"inLanguage":"en-GB","potentialAction":[{"@type":"ReadAction","target":["https:\/\/berthault-engineering.com\/mentions-legales\/"]}]},{"@type":"BreadcrumbList","@id":"https:\/\/berthault-engineering.com\/mentions-legales\/#breadcrumb","itemListElement":[{"@type":"ListItem","position":1,"name":"Accueil","item":"https:\/\/berthault-engineering.com\/"},{"@type":"ListItem","position":2,"name":"Mentions L\u00e9gales"}]},{"@type":"WebSite","@id":"https:\/\/berthault-engineering.com\/#website","url":"https:\/\/berthault-engineering.com\/","name":"Berthault Engineering","description":"Votre m\u00e9tier, votre projet, nos solutions et expertises industrielles","publisher":{"@id":"https:\/\/berthault-engineering.com\/#organization"},"potentialAction":[{"@type":"SearchAction","target":{"@type":"EntryPoint","urlTemplate":"https:\/\/berthault-engineering.com\/?s={search_term_string}"},"query-input":{"@type":"PropertyValueSpecification","valueRequired":true,"valueName":"search_term_string"}}],"inLanguage":"en-GB"},{"@type":"Organization","@id":"https:\/\/berthault-engineering.com\/#organization","name":"Berthault Engineering","url":"https:\/\/berthault-engineering.com\/","logo":{"@type":"ImageObject","inLanguage":"en-GB","@id":"https:\/\/berthault-engineering.com\/#\/schema\/logo\/image\/","url":"https:\/\/berthault-engineering.com\/siteweb\/wp-content\/uploads\/2024\/03\/Logo-BE-HD.png","contentUrl":"https:\/\/berthault-engineering.com\/siteweb\/wp-content\/uploads\/2024\/03\/Logo-BE-HD.png","width":31566,"height":3708,"caption":"Berthault Engineering"},"image":{"@id":"https:\/\/berthault-engineering.com\/#\/schema\/logo\/image\/"},"sameAs":["https:\/\/www.linkedin.com\/company\/berthault-engineering\/"]}]}},"_links":{"self":[{"href":"https:\/\/berthault-engineering.com\/en\/wp-json\/wp\/v2\/pages\/1119","targetHints":{"allow":["GET"]}}],"collection":[{"href":"https:\/\/berthault-engineering.com\/en\/wp-json\/wp\/v2\/pages"}],"about":[{"href":"https:\/\/berthault-engineering.com\/en\/wp-json\/wp\/v2\/types\/page"}],"author":[{"embeddable":true,"href":"https:\/\/berthault-engineering.com\/en\/wp-json\/wp\/v2\/users\/1"}],"replies":[{"embeddable":true,"href":"https:\/\/berthault-engineering.com\/en\/wp-json\/wp\/v2\/comments?post=1119"}],"version-history":[{"count":28,"href":"https:\/\/berthault-engineering.com\/en\/wp-json\/wp\/v2\/pages\/1119\/revisions"}],"predecessor-version":[{"id":1935,"href":"https:\/\/berthault-engineering.com\/en\/wp-json\/wp\/v2\/pages\/1119\/revisions\/1935"}],"wp:attachment":[{"href":"https:\/\/berthault-engineering.com\/en\/wp-json\/wp\/v2\/media?parent=1119"}],"curies":[{"name":"wp","href":"https:\/\/api.w.org\/{rel}","templated":true}]}}